{"id":14,"date":"2019-04-04T21:57:01","date_gmt":"2019-04-04T19:57:01","guid":{"rendered":"http:\/\/wietecha.com.pl\/zarzecze\/?page_id=14"},"modified":"2019-04-29T12:46:22","modified_gmt":"2019-04-29T10:46:22","slug":"kontakt","status":"publish","type":"page","link":"https:\/\/www.zarzecze.info\/?page_id=14","title":{"rendered":"KONTAKT"},"content":{"rendered":"<h1 style=\"text-align: center;\">So\u0142tys wsi Zarzecze<\/h1>\n<h1 style=\"text-align: center;\">Krzysztof Wietecha<\/h1>\n<h1 style=\"text-align: center;\">tel. 503-103-584<\/h1>\n<h1 style=\"text-align: center;\">email: <a href=\"mailto:soltys@zarzecze.info\">soltys@zarzecze.info<\/a><\/h1>\n<p style=\"text-align: center;\">Masz pytanie ? Napisz do So\u0142tysa lub Rady So\u0142eckiej<\/p>\n<p>[contact-form-7 id=&#8221;181&#8243; title=&#8221;Formularz 1&#8243;]<\/p>\n<p>&nbsp;<\/p>\n<p><a href=\"https:\/\/wn25.webd.pl:2096\">.<\/a><\/p>\n<p style=\"text-align: center;\">&nbsp;<\/p>\n","protected":false},"excerpt":{"rendered":"<p>So\u0142tys wsi Zarzecze Krzysztof Wietecha tel. 503-103-584 email: soltys@zarzecze.info Masz pytanie ? Napisz do So\u0142tysa lub Rady So\u0142eckiej [contact-form-7 id=&#8221;181&#8243;<\/p>\n","protected":false},"author":1,"featured_media":0,"parent":0,"menu_order":0,"comment_status":"closed","ping_status":"closed","template":"","meta":{"footnotes":""},"class_list":["post-14","page","type-page","status-publish","hentry","comments-off"],"_links":{"self":[{"href":"https:\/\/www.zarzecze.info\/index.php?rest_route=\/wp\/v2\/pages\/14","targetHints":{"allow":["GET"]}}],"collection":[{"href":"https:\/\/www.zarzecze.info\/index.php?rest_route=\/wp\/v2\/pages"}],"about":[{"href":"https:\/\/www.zarzecze.info\/index.php?rest_route=\/wp\/v2\/types\/page"}],"author":[{"embeddable":true,"href":"https:\/\/www.zarzecze.info\/index.php?rest_route=\/wp\/v2\/users\/1"}],"replies":[{"embeddable":true,"href":"https:\/\/www.zarzecze.info\/index.php?rest_route=%2Fwp%2Fv2%2Fcomments&post=14"}],"version-history":[{"count":18,"href":"https:\/\/www.zarzecze.info\/index.php?rest_route=\/wp\/v2\/pages\/14\/revisions"}],"predecessor-version":[{"id":595,"href":"https:\/\/www.zarzecze.info\/index.php?rest_route=\/wp\/v2\/pages\/14\/revisions\/595"}],"wp:attachment":[{"href":"https:\/\/www.zarzecze.info\/index.php?rest_route=%2Fwp%2Fv2%2Fmedia&parent=14"}],"curies":[{"name":"wp","href":"https:\/\/api.w.org\/{rel}","templated":true}]}}