{"id":526,"date":"2019-04-26T00:18:56","date_gmt":"2019-04-25T22:18:56","guid":{"rendered":"http:\/\/www.zarzecze.info\/?page_id=526"},"modified":"2019-04-26T00:22:48","modified_gmt":"2019-04-25T22:22:48","slug":"statut","status":"publish","type":"page","link":"https:\/\/www.zarzecze.info\/?page_id=526","title":{"rendered":"STATUT"},"content":{"rendered":"\n<p><\/p>\n\n\n\n<p style=\"text-align:center\"> <strong>UCHWA\u0141A NR XLIII\/304\/10RADY GMINY D\u0118BOWIECz dnia 22 wrze\u015bnia 2010 r.<\/strong><br>w sprawie uchwalenia Statutu So\u0142ectwa ZarzeczeNa podstawie art. 35 ust. 1 ustawy z dnia  8 marca 1990 r.   o samorz\u0105dzie gminnym (Dz.U.  z 2001 r.   Nr  142 poz. 1591 z p\u00f3\u017an.zm.) Rada Gminy uchwala co nast\u0119puje: \u00a7 1. Uchwala si\u0119 Statut So\u0142ectwa Zarzecze.\u00a7 2. Statut So\u0142ectwa Zarzecze stanowi za\u0142\u0105cznik do niniejszej uchwa\u0142y.\u00a7 3. Traci moc uchwa\u0142a: uchwa\u0142a Nr XVI\/143\/96  Rady Gminy w D\u0119bowcu z dnia  27.08.1996 r.    w sprawie uchwalenia statut\u00f3w so\u0142ectw. \u00a7 4. Wykonanie uchwa\u0142y powierza si\u0119 W\u00f3jtowi Gminy D\u0119bowiec.\u00a7 5. Uchwa\u0142a wchodzi w \u017cycie po 14 dniach od og\u0142oszenia w Dzienniku Urz\u0119dowym Wojew\u00f3dztwaPodkarpackiego. Przewodnicz\u0105cy Rady Gminy Janusz BudziakZa\u0142\u0105cznik do Uchwa\u0142y Nr XLIII\/304\/10Rady Gminy D\u0119bowiecz dnia 22 wrze\u015bnia 2010 r.Zalacznik1.pdfstatut solectwa zarzecze <\/p>\n\n\n\n<p style=\"text-align:center\"><strong>STATUT SO\u0141ECTWA ZARZECZE<\/strong><br><br><\/p>\n\n\n\n<p style=\"text-align:center\"><strong>                                                                                                                                                                                                                                                                                                                                                                                                                                                                                                                                                                      ROZDZIA\u0141 I        <\/strong>  <br>Postanowienia og\u00f3lne                         <br>\u00a7 1 <br>Og\u00f3\u0142 mieszka\u0144c\u00f3w wsi Zarzecze stanowi So\u0142ectwo Zarzecze.                        <br>\u00a7 2  So\u0142ectwo jest jednostk\u0105 pomocnicz\u0105 Gminy D\u0119bowiec.                        <br>\u00a7 3 So\u0142ectwo dzia\u0142a na podstawie: 1)ustawy o samorz\u0105dzie gminnym, 2)statutu Gminy D\u0119bowiec, 3)niniejszego statutu.                        \u00a7 <\/p>\n\n\n\n<p>4 1.Teren dzia\u0142ania so\u0142ectwa obejmuje miejscowo\u015b\u0107 Zarzecze. 2.Po\u0142o\u015cenie so\u0142ectwa na mapie okre\u015bla mapa sytuacyjna, stanowi\u0105ca za\u0142\u0105cznik do niniejszego statutu. \u00a7 5 1.So\u0142ectwo podejmuje dzia\u0142ania we wszystkich sprawach publicznych maj\u0105cych istotne   znaczenie dla jego mieszka\u0144c\u00f3w, w formie opinii, wniosk\u00f3w bie\u015c\u0105cej wsp\u00f3\u0142pracy  z   organami   gminy   i   jednostkami   organizacyjnymi    gminy    oraz    gospodaruje przeznaczon\u0105 mu cz\u0119\u015bci\u0105 mienia komunalnego.  2.Podstawowym celem istnienia i dzia\u0142ania so\u0142ectwa jest:       1) dba\u0142o\u015b\u0107 o zaspokajanie potrzeb mieszka\u0144c\u00f3w so\u0142ectwa i reprezentowanie ich interes\u00f3w          na zewn\u0105trz,       2) wsp\u00f3\u0142praca z organami gminy oraz pomoc w wykonywaniu przez te organy zada\u0144        publicznych na rzecz spo\u0142eczno\u015bci lokalnej, 3.So\u0142ectwo mo\u015ce realizowa\u0107 zadania z zakresu ustawy o funduszu so\u0142eckim. ROZDZIA\u0141 II Organy So\u0142ectwa \u00a7 6 1.Organami so\u0142ectwa s\u0105: 1) zebranie wiejskie,       2) so\u0142tys, 2.So\u0142tys sk\u0142ada na zebraniu wiejskim sprawozdanie ze swojej dzia\u0142alno\u015bci, co najmniej raz w ci\u0105gu roku. 2\u00a7 7 1.Organem uchwa\u0142odawczym w so\u0142ectwie jest zebranie wiejskie. 2.Prawo  wybierania  (czynne  prawo  wyborcze)  so\u0142tysa  i cz\u0142onk\u00f3w  rady  so\u0142eckiej  ma ka\u015cdy  obywatel  polski,  kt\u00f3ry  najp\u00f3\u017aniej  w  dniu  wybor\u00f3w  ko\u0144czy  18  lat  i  stale mieszka na obszarze so\u0142ectwa. 3.Przy ustalaniu faktu sta\u0142ego zamieszkania stosuje si\u0119 przepisy prawa cywilnego. 4.Nie maj\u0105 prawa wybierania osoby:       1) pozbawione praw publicznych prawnym orzeczeniem s\u0105dowym, 2) pozbawione praw publicznych prawomocnym orzeczeniem Trybuna\u0142 Stanu, 3) ubezw\u0142asnowolnione prawomocnym orzeczeniem s\u0105dowym.  5.Prawo  wybieralno\u015bci  (bierne  prawo  wyborcze)  przys\u0142uguje  osobie  maj\u0105cej  prawo wybierania. \u00a7 8 Zebranie wiejskie podejmuje uchwa\u0142y we wszystkich sprawach nale\u015c\u0105cych do zakresu dzia\u0142alno\u015bci so\u0142ectwa, a w szczeg\u00f3lno\u015bci: 1) wyboru rady so\u0142eckiej, 2)opiniowania w cz\u0119\u015bci dotycz\u0105cej so\u0142ectwa projekt\u00f3w uchwa\u0142 Rady Gminy D\u0119bowiec  w sprawach: a)planu zagospodarowania przestrzennego, b)zmiany granic, zniesienia lub ustanowienie nowego so\u0142ectwa, c)zbycie sk\u0142adnik\u00f3w mienia komunalnego po\u0142o\u015conych na terenie so\u0142ectwa,              z zastrze\u015ceniem  \u00a7 29 ust.4, 3)wyst\u0119powania  z  wnioskami  do  Rady  Gminy  D\u0119bowiec  w  sprawach  dotycz\u0105cych zada\u0144 gospodarczych so\u0142ectwa, 4)wyst\u0119powanie z wnioskiem do Rady Gminy  D\u0119bowiec w sprawach przekraczaj\u0105cych mo\u015cliwo\u015b\u0107 so\u0142ectwa, 5)inicjowanie wsp\u00f3lnych przedsi\u0119wzi\u0119\u0107 na rzecz mieszka\u0144c\u00f3w so\u0142ectwa. \u00a7 9 Uchwa\u0142y zebrania wiejskiego so\u0142tys przekazuje niezw\u0142ocznie W\u00f3jtowi Gminy D\u0119bowiec. \u00a7 10 1.Zebranie wiejskie zwo\u0142ywane jest przez so\u0142tysa: 1) z w\u0142asnej inicjatywy, 2) na pisemny wniosek 1\/5 liczby mieszka\u0144c\u00f3w maj\u0105cych prawo wyborcze, 3) na wniosek Rady Gminy D\u0119bowiec  lub W\u00f3jta Gminy D\u0119bowiec. 2.Na  wniosek  mieszka\u0144c\u00f3w,  Rady  Gminy  D\u0119bowiec  lub  W\u00f3jta  Gminy  D\u0119bowiec, zebranie wiejskie powinno by\u0107 zwo\u0142ane w terminie 7 dni od daty otrzymania wniosku przez so\u0142tysa. 3.Je\u015celi so\u0142tys nie zwo\u0142a zebrania w terminie okre\u015blonym w ust. 2,  a tak\u015ce w przypadku nieobecno\u015bci  lub  choroby  so\u0142tysa  trwaj\u0105cej  ponad  7  dni,  zebranie  wiejskie  mo\u015ce  by\u0107zwo\u0142ane przez W\u00f3jta Gminy D\u0119bowiec. \u00a7 11 1.Zawiadomienie o zebraniu powinno wskazywa\u0107 miejsce, dzie\u0144 i godzin\u0119 zebrania oraz okre\u015bli\u0107 zasadniczy przedmiot proponowanego porz\u0105dku obrad. 2.Zebranie  jest  wa\u015cne  bez  wzgl\u0119du  na  liczb\u0119  obecnych  na  zebraniu,  je\u015celi  mieszka\u0144cy so\u0142ectwa zostali o nim poinformowani w spos\u00f3b zwyczajowo przyj\u0119ty, na co najmniej 3 dni przed wyznaczonym terminem. 3\u00a7 12 Uchwa\u0142y zebrania wiejskiego zapadaj\u0105 zwyk\u0142\u0105 wi\u0119kszo\u015bci\u0105 g\u0142os\u00f3w w g\u0142osowaniu jawnym. \u00a7 13 1.Zebraniu przewodniczy so\u0142tys, a w razie jego nieobecno\u015bci jeden z cz\u0142onk\u00f3w rady so\u0142eckiej lub mieszkaniec so\u0142ectwa wybrany przez zebranie wiejskie. 2.Zebranie  wiejskie  zwo\u0142ane  przez  W\u00f3jta  Gminy  D\u0119bowiec  prowadzone  jest  przez W\u00f3jta Gminy D\u0119bowiec lub osob\u0119 wybran\u0105 na zebraniu przez zebranie wiejskie. 3.Z   przebiegu   zebrania   sporz\u0105dza   si\u0119   protok\u00f3\u0142,   kt\u00f3ry   podpisuje   przewodnicz\u0105cy zebrania i protokolant. \u00a7 14 1.Organem wykonawczym so\u0142ectwa jest so\u0142tys. Dzia\u0142alno\u015b\u0107 so\u0142tysa wspomaga rada so\u0142ecka. 2.Ilo\u015b\u0107 cz\u0142onk\u00f3w rady so\u0142eckiej ustala zebranie wiejskie. \u00a7 15 Kadencja organ\u00f3w so\u0142ectwa trwa 4 lata i up\u0142ywa z dniem dokonania nowych wybor\u00f3w. \u00a7 16 1.Do zada\u0144 so\u0142tysa nale\u015cy w szczeg\u00f3lno\u015bci: 1)organizowanie  i  koordynowanie  inicjatyw  i  przedsi\u0119wzi\u0119\u0107  spo\u0142ecznych,  maj\u0105cych  na celu popraw\u0119 warunk\u00f3w \u015cycia mieszka\u0144c\u00f3w, 2)reprezentowanie so\u0142ectwa na zewn\u0105trz, 3)kierowanie realizacj\u0105 uchwa\u0142 zebrania wiejskiego, 4)wyst\u0119powanie z wnioskami dotycz\u0105cymi potrzeb so\u0142ectwa, 5)sporz\u0105dzanie rozlicze\u0144 z gospodarki finansowej dzia\u0142alno\u015bci so\u0142ectwa, 6)wykonywanie   zada\u0144   wynikaj\u0105cych   z   przepis\u00f3w   dotycz\u0105cych   obrony   cywilnej, ochrony p. po\u015c., inkasa podatk\u00f3w i op\u0142at, zapobieganie kl\u0119skom \u015cywio\u0142owym   i usuwania ich skutk\u00f3w, 7)uczestnictwo w sesjach Rady Gminy D\u0119bowiec z prawem wnoszenia uwag  i wniosk\u00f3w dotycz\u0105cych spraw so\u0142ectwa. 2.So\u0142tys korzysta z ochrony prawnej przys\u0142uguj\u0105cej funkcjonariuszom publicznym. \u00a7 17 Organy so\u0142ectwa podlegaj\u0105 kontroli Komisji Rewizyjnej Rady Gminy D\u0119bowiec. \u00a7 18 Do zada\u0144 rady so\u0142eckiej nale\u015cy: 1)wsp\u00f3\u0142dzia\u0142anie z so\u0142tysem przy realizacji jego obowi\u0105zk\u00f3w, a w szczeg\u00f3lno\u015bci pomoc w przygotowaniu zebra\u0144 wiejskich oraz projekt\u00f3w uchwa\u0142, 2)opracowanie projektu rzeczowo- finansowego. \u00a7 19 1.W\u00f3jt  Gminy  D\u0119bowiec  mo\u015ce  wstrzyma\u0107  wykonanie  uchwa\u0142y  zebrania  wiejskiego, je\u015celi jest niezgodna z prawem i wyst\u0105pi\u0107 do Rady Gminy D\u0119bowiec o jej uchylenie. O wstrzymaniu wykonania uchwa\u0142y zebrania wiejskiegozawiadamia Przewodnicz\u0105cego Rady Gminy D\u0119bowiec i so\u0142tysa wsi. 2.Rada Gminy D\u0119bowiec uchyla uchwa\u0142\u0119 zebrania wiejskiego, w razie jej niezgodno\u015bci z prawem. 4ROZDZIA\u0141 III Zasady i tryb wybor\u00f3w  So\u0142tysa i Rady So\u0142eckiej. \u00a7 20  1.Wybory so\u0142tysa zarz\u0105dza W\u00f3jt Gminy D\u0119bowiec okre\u015blaj\u0105c dat\u0119, godzin\u0119, siedzib\u0119obwodowej komisji wyborczej oraz kalendarz wyborczy. 2.Zarz\u0105dzanie  wybor\u00f3w  nast\u0119puje  w  terminie  do    6  miesi\u0119cy  od  wybor\u00f3w  do  Rady Gminy D\u0119bowiec. 3.Okr\u0119g   wyborczy   obejmuje   wyborc\u00f3w   zamieszkuj\u0105cych   na   obszarze   dzia\u0142ania so\u0142ectwa. 4.Wybory  przeprowadza  si\u0119  na  podstawie  spisu  wyborc\u00f3w,  w  kt\u00f3rym  osoba  bior\u0105ca udzia\u0142 w g\u0142osowaniu potwierdza otrzymanie karty do g\u0142osowania. 5.Spis wyborc\u00f3w sporz\u0105dza W\u00f3jt Gminy D\u0119bowiec. 6.Wybory na so\u0142tysa s\u0105: powszechne, r\u00f3wne, bezpo\u015brednie i tajne. Prawo wybierania ma ka\u015cdy  mieszkaniec  so\u0142ectwa,  kt\u00f3ry,  najp\u00f3\u017aniej  w  dniu  wybor\u00f3w  ko\u0144czy  18  lat  i  stale zamieszkuje na obszarze dzia\u0142ania so\u0142ectwa. 7.Wybory odbywaj\u0105 si\u0119 w lokalu komisji wyborczej do wybor\u00f3w so\u0142tysa wsi.8.Kandydowa\u0107 na so\u0142tysa mo\u015ce ka\u015cdy, kto posiada prawo wybierania, ma uko\u0144czone 18 lat i stale zamieszkuje na obszarze dzia\u0142ania so\u0142ectwa. \u00a7 21 1.Zasady  i  tryb  zg\u0142aszania  kandydat\u00f3w  na  so\u0142tysa  wsi i  powo\u0142ywania  komitet\u00f3w wyborczych: 1)komitet wyborczy so\u0142tysa stanowi grupa min 3 os\u00f3b stale zamieszkuj\u0105cych na terenie so\u0142ectwa maj\u0105cych pe\u0142ne prawo wyborcze, 2)komitet wyboczy so\u0142tysa rejestruje si\u0119 w rejestrze komitet\u00f3w wyborczych  w  Urz\u0119dzie  Gminy  D\u0119bowiec  podaj\u0105c  nazw\u0119  komitetu,  dat\u0119  utworzenia  i  list\u0119cz\u0142onk\u00f3w komitetu, 3)zg\u0142oszenie  kandydata  na  so\u0142tysa  zg\u0142asza  do  W\u00f3jta  Gminy  D\u0119bowiec  zarejestrowany komitet   wyborczy   danego   kandydata   w   terminie   okre\u015blonym   w   kalendarzu wyborczym, 4)zg\u0142oszenie kandydata na so\u0142tysa powinno by\u0107 poparte co najmniej liczb\u0105 25 podpis\u00f3w os\u00f3b uprawnionych do g\u0142osowania stale zamieszkuj\u0105cych na terenie so\u0142ectwa  i powinno zawiera\u0107 imi\u0119 i nazwisko kandydata na so\u0142tysa, wiek, wykszta\u0142cenie i adres zamieszkania, 5)w   przypadku   braku   zg\u0142osze\u0144   kandydat\u00f3w   na   so\u0142tysa   W\u00f3jt   Gminy   D\u0119bowiec obwieszczeniem  przed\u0142u\u015ca  termin  zg\u0142oszenia  o  3  dni  informuj\u0105c  o  tym  zdarzeniu mieszka\u0144c\u00f3w so\u0142ectwa, 2.Zasady funkcjonowania i tryb powo\u0142ywania obwodowej komisji wyborczej: 1)dla  przeprowadzenia  wybor\u00f3w  so\u0142tysa  W\u00f3jt  Gminy  D\u0119bowiec  powo\u0142uje  spo\u015br\u00f3d z\u0142o\u015conych zg\u0142osze\u0144 sk\u0142ad osobowy obwodowej komisji wyborczej, 2)sk\u0142ad obwodowej komisji wyborczej liczy od 3 do 5 os\u00f3b, 3)cz\u0142onkiem  obwodowej  komisji  wyborczej  mo\u015ce  by\u0107  osoba  stale  zamieszkuj\u0105ca  na terenie so\u0142ectwa maj\u0105ca pe\u0142ne prawo wyborcze, 4)cz\u0142onk\u00f3w  obwodowych  komisji  wyborczych  zg\u0142aszaj\u0105  kandydaci  na  so\u0142tysa  spo\u015br\u00f3d mieszka\u0144c\u00f3w  stale  zamieszkanych  w  so\u0142ectwie.  Pozosta\u0142ych  cz\u0142onk\u00f3w  zg\u0142aszaj\u0105mieszka\u0144cy so\u0142ectwa, 5)W\u00f3jt  Gminy  D\u0119bowiec  lub  upowa\u015cniona  osoba  przyjmuje  zg\u0142oszenia  pisemne,  kt\u00f3re powinny zawiera\u0107 imi\u0119 i nazwisko, adres zamieszkania oraz zgod\u0119 kandydata  w terminie okre\u015blonym w kalendarzu wyborczym, 56)w przypadku, gdy liczba zg\u0142osze\u0144 kandydat\u00f3w jest wy\u015csza ni\u015c okre\u015blona  w  ust.  2  pkt.  2,  W\u00f3jt  Gminy  D\u0119bowiec  w  drodze  losowania,  ustala  sk\u0142ad  osobowy komisji, 7)osoba powo\u0142ana do komisji nie mo\u015ce kandydowa\u0107 na so\u0142tysa, 8)zmian i uzupe\u0142nie\u0144 w sk\u0142adzie komisji dokonuje W\u00f3jt Gminy D\u0119bowiec, 9)w  przypadku  braku  zg\u0142osze\u0144  kandydat\u00f3w  do  obwodowej  komisji  wyborczej,  sk\u0142ady osobowe ustala W\u00f3jt  Gminy D\u0119bowiec spo\u015br\u00f3d wyborc\u00f3w stale zamieszka\u0142ych  w so\u0142ectwie, 10) pierwsze  posiedzenie  powo\u0142uje  W\u00f3jt  Gminy    D\u0119bowiec.  Komisja  na  pierwszym posiedzeniu wybiera przewodnicz\u0105cego i zast\u0119pc\u0119. 3.Do zada\u0144 obwodowej komisji wyborczej nale\u015cy: 1)przygotowanie lokalu wyborczego, 2)przeprowadzenie g\u0142osowania w obwodzie, 3)ustalenie wynik\u00f3w g\u0142osowania i podanie ich do publicznej wiadomo\u015bci, 4.W  przypadku  zg\u0142oszenia  tylko  jednego  kandydata  na  so\u0142tysa  wybor\u00f3w  w  danym so\u0142ectwie nie zarz\u0105dza si\u0119. \u00a7 22 1. G\u0142osowanie  przeprowadza  si\u0119  w  lokalu  obwodowej  komisji  wyborczej  w  godzinach 8.00- 18.00 w dniu ustawowo wolnym od pracy. 2. W  lokalu  wyborczym  znajduje  si\u0119  urna  wyborcza,  miejsce  zas\u0142oni\u0119te  zapewniaj\u0105ce tajno\u015b\u0107 g\u0142osowania oraz god\u0142o pa\u0144stwowe. \u00a7 23 1. Druki,  zabezpieczenie  oraz  dostarczenie  kart  do g\u0142osowania  obwodowym  komisjom wyborczym zapewnia W\u00f3jt Gminy  D\u0119bowiec. 2. Na karcie do g\u0142osowania znajduj\u0105 si\u0119 imiona i nazwiska kandydat\u00f3w umieszczone  w porz\u0105dku alfabetycznym. Przy ka\u015cdym kandydacie z lewej strony znajduje si\u0119 kratka,  u   do\u0142u   odcisk   piecz\u0119ci   obwodowej   komisji   wyborczej   oraz   informacja   o   sposobie  g\u0142osowania i nadruk piecz\u0119ci Rady Gminy D\u0119bowiec. 3. G\u0142os b\u0119dzie wa\u015cny tylko wtedy, gdy: 1) zostaje oddany na urz\u0119dowej karcie do g\u0142osowania, 2) na karcie do  g\u0142osowania na so\u0142tysa wyborca postawi znak \u201eX\u201d w kratce z lewej strony obok nazwiska kandydata, na kt\u00f3rego g\u0142osuje. 4. Za wybranego uznaje si\u0119 kandydata, kt\u00f3ry otrzyma\u0142 najwi\u0119cej wa\u015cnie oddanych g\u0142os\u00f3w. 5. Je\u015celi  dw\u00f3ch  lub  wi\u0119cej  kandydat\u00f3w  otrzyma\u0142o  r\u00f3wn\u0105  liczb\u0119  g\u0142os\u00f3w  uprawnion\u0105  do przyznania mandatu o pierwsze\u0144stwie rozstrzyga losowanie przeprowadzone niezw\u0142ocznie przez przewodnicz\u0105cego obwodowej komisji wyborczej w obecno\u015bci cz\u0142onk\u00f3w komisji. 6. Komisja  wyborcza  wywiesza  protok\u00f3\u0142  z  przeprowadzonych  wybor\u00f3w  na  drzwiach lokalu wyborczego. \u00a7 24 W\u00f3jt   Gminy   D\u0119bowiec   wydaje   obwieszczenie   o   wynikach   wybor\u00f3w   na   podstawie otrzymanych protoko\u0142\u00f3w od komisji wyborczej do spraw wybor\u00f3w so\u0142tysa wsi. \u00a7 25 W\u00f3jt Gminy D\u0119bowiec ustala wzory druk\u00f3w: 1)zg\u0142oszenie kandydata na so\u0142tysa, 2)zg\u0142oszenie kandydata na cz\u0142onka obwodowej komisji wyborczej, 3)wz\u00f3r karty do g\u0142osowania na so\u0142tysa, 64)wz\u00f3r protoko\u0142u z przeprowadzonych wybor\u00f3w so\u0142tysa, 5)wz\u00f3r protoko\u0142u z przeprowadzonego losowania. \u00a7 26  1. Odwo\u0142anie so\u0142tysa mo\u015ce nast\u0105pi\u0107 na zwo\u0142anym przez W\u00f3jta Gminy D\u0119bowiec zebraniu wiejskim w g\u0142osowaniu tajnym, zwyk\u0142\u0105 wi\u0119kszo\u015bci\u0105 g\u0142os\u00f3w, w obecno\u015bci co najmniej 1\/5 sta\u0142ych mieszka\u0144c\u00f3w so\u0142ectwa uprawnionych do g\u0142osowania. 2. Wniosek w sprawie odwo\u0142ania so\u0142tysa sk\u0142adany jest do W\u00f3jta Gminy D\u0119bowiec  w  formie  pisemnej  i  podpisany  przez  co  najmniej  1\/10  sta\u0142ych  mieszka\u0144c\u00f3w  so\u0142ectwa uprawnionych do g\u0142osowania. 3. Z  wnioskiem  o  odwo\u0142anie  so\u0142tysa  mo\u015ce  zwr\u00f3ci\u0107  si\u0119  do  zebrania  wiejskiego  r\u00f3wnie\u015cW\u00f3jt Gminy D\u0119bowiec, je\u015celi so\u0142tys nie wywi\u0105zuje si\u0119 z obowi\u0105zk\u00f3w, dopu\u015bci\u0142 si\u0119 czynu dyskwalifikuj\u0105cego  go  w  opinii \u015brodowiska  oraz  przest\u0119pstwa  stwierdzone  prawnym wyrokiem s\u0105du, pope\u0142nione z ch\u0119ci\u0105 zysku lub innych niskich pobudek. 4. Utrata mandatu so\u0142tysa nast\u0119puje w skutek: 1)pisemnego zrzeczenia si\u0119 funkcji, 2)niemo\u015cno\u015bci pe\u0142nienia funkcji lub nieobecno\u015bci w miejscu zamieszkania trwaj\u0105cej            d\u0142u\u015cej ni\u015c 3 miesi\u0105ce, 3)\u015bmierci so\u0142tysa. 5. W przypadkach wymienionych w ust. 4 W\u00f3jt Gminy  D\u0119bowiec niezw\u0142ocznie zarz\u0105dza wst\u0105pienia w jego miejsce kandydata, kt\u00f3ry w wyborach uzyska\u0142 kolejno najwi\u0119ksz\u0105 liczb\u0119g\u0142os\u00f3w  i  nie  utraci\u0142  prawa  wybieralno\u015bci.  Przy  r\u00f3wnej  liczbie  g\u0142os\u00f3w  decyduje  kolejno\u015b\u0107umieszczenia kandydata na li\u015bcie, a w przypadku braku kandydat\u00f3w do obsadzenia funkcji so\u0142tysa   zarz\u0105dza   si\u0119   przeprowadzenie   wybor\u00f3w   w   terminie   45   dni.   Do   czasu przeprowadzenia wybor\u00f3w W\u00f3jt Gminy  D\u0119bowiec powierza funkcj\u0119 so\u0142tysa tymczasowo jednemu z cz\u0142onk\u00f3w Rady So\u0142eckiej.  \u00a7 27 1. Rad\u0119 So\u0142eck\u0105 wybiera zebranie wiejskie na pierwszym posiedzeniu zwo\u0142anym przez  so\u0142tysa  spo\u015br\u00f3d  sta\u0142ych  mieszka\u0144c\u00f3w  so\u0142ectwa.  So\u0142tys  zarz\u0105dza  I  posiedzenie  zebrania wiejskiego w terminie 30 dni od dnia og\u0142oszenia wynik\u00f3w wybor\u00f3w na so\u0142tysa.  2. Zebranie wiejskie w drodze uchwa\u0142y ustala liczb\u0119 cz\u0142onk\u00f3w Rady So\u0142eckiej. 3. Cz\u0142onk\u00f3w  Rady  So\u0142eckiej  wybiera  si\u0119  w  g\u0142osowaniu  tajnym  spo\u015br\u00f3d  kandydat\u00f3w zg\u0142oszonych przez mieszka\u0144c\u00f3w uprawnionych do g\u0142osowania. \u00a7 28 1. Rada  So\u0142ecka  lub  poszczeg\u00f3lni  cz\u0142onkowie  Rady  So\u0142eckiej  mog\u0105  by\u0107  przez  zebranie wiejskie   odwo\u0142ani   przed   up\u0142ywem   kadencji,   je\u015celi   nie   wywi\u0105zuj\u0105   si\u0119   ze   swoich obowi\u0105zk\u00f3w,  naruszaj\u0105c  przepisy  prawa,  postanowienia  uchwa\u0142  lub  zarz\u0105dze\u0144  organ\u00f3w gminy  i  zebrania  wiejskiego,  albo  dopu\u015bci\u0142  si\u0119  czynu  dyskwalifikuj\u0105cego  ich  w  opinii mieszka\u0144c\u00f3w so\u0142ectwa. 2. Z  wnioskiem  o  odwo\u0142anie  rady  so\u0142eckiej  mo\u015ce  wyst\u0105pi\u0107  so\u0142tys  lub  grupa  co  najmniej 1\/10 sta\u0142ych mieszka\u0144c\u00f3w so\u0142ectwa, posiadaj\u0105cy czynne prawo wyborcze. 3. Odwo\u0142anie  nast\u0119puje  w  g\u0142osowaniu  tajnym,  wi\u0119kszo\u015bci\u0105  g\u0142os\u00f3w,  w  obecno\u015bci  co najmniej 1\/5 sta\u0142ych mieszka\u0144c\u00f3w so\u0142ectwa uprawnionych do g\u0142osowania. 4. Wybory  uzupe\u0142niaj\u0105ce  mo\u015cna  przeprowadzi\u0107  w  trybie  okre\u015blonym  \u00a7  27  ust.  3  na  tym samym zebraniu, na kt\u00f3rym podj\u0119to uchwa\u0142\u0119 o odwo\u0142aniu. 7ROZDZIA\u0141 IV Gospodarowanie mieniem komunalnym\u00a7 29 1.Powierza si\u0119 so\u0142ectwu w zarz\u0105d sk\u0142adniki mienia komunalnego zapisane w ksi\u0119dze inwentarzowej danego so\u0142ectwa. 2.So\u0142ectwo zarz\u0105dza i korzysta z powierzonych sk\u0142adnik\u00f3w mienia komunalnego  w   granicach   zwyk\u0142ego   zarz\u0105du.   W   zakresie   czynno\u015bci   przekraczaj\u0105cych   zakres zwyk\u0142ego      zarz\u0105du   tj.   zmiana   sposoby   wykorzystania,   zbycia,   najem na   okres przekraczaj\u0105cy  3  lata  so\u0142ectwo  wyst\u0119puje  z  odpowiednimi  wnioskami  do  organ\u00f3w gminy. 3.Przys\u0142uguj\u0105ce  dotychczas  prawa  mieszka\u0144c\u00f3w  wsi  w  zakresie  korzystania  z  mienia wiejskiego pozostaj\u0105 nienaruszone. 4.Zebranie   wiejskie   podejmuje   uchwa\u0142y   dotycz\u0105ce   wydzielonego   so\u0142ectwu   mienia komunalnego oraz wyra\u015ca zgod\u0119 w sprawach: 1)sposobu zagospodarowania i u\u015cytkowania mienia, 2)  sprzeda\u015cy, dzier\u015cawy, najmu i zamiany, 3)  gospodarowaniu w lasach i zadrzewieniach. 5.Zebranie   wiejskie  podejmuj\u0105c  uchwa\u0142\u0119  o  sprzeda\u015cy  drewna  okre\u015bla   w  niej  cel wykorzystania i proponowan\u0105 cen\u0119: 1)sprzeda\u015c  drewna  pozyskanego  z  lasu  lub  zadrzewie\u0144  mienia  komunalnego  prowadzi W\u00f3jt  Gminy    D\u0119bowiec  na  podstawie  wykaz\u00f3w  odbiorczych  drewna  sporz\u0105dzonych przez osob\u0119 uprawnion\u0105, 2)cen\u0119  sprzeda\u015cy  drewna  ustala  W\u00f3jt  Gminy    D\u0119bowiec  po  uzyskaniu  opinii  zebrania wiejskiego,  3)w przypadku braku nabywc\u00f3w W\u00f3jt Gminy  D\u0119bowiec mo\u015ce obni\u015cy\u0107 cen\u0119 drewna. \u00a7 30 1.So\u0142ectwo prowadzi gospodark\u0119 finansowa tylko w ramach bud\u015cetu gminy. 2.So\u0142ectwo nie tworzy w\u0142asnego bud\u015cetu. \u00a7 31 Nadz\u00f3r nad gospodark\u0105 finansow\u0105 i dzia\u0142alno\u015bci\u0105 so\u0142ectwa sprawuje W\u00f3jt Gminy D\u0119bowiec. ROZDZIA\u0141 V Postanowienia ko\u0144cowe \u00a7 32 Zmiany niniejszego statutu mog\u0105 nast\u0105pi\u0107 po zasi\u0119gni\u0119ciu opinii zebrania wiejskiego,  w trybie przewidzianym do jego uchwalenia. 8                                                  <\/p>\n\n\n\n<p><br><\/p>\n","protected":false},"excerpt":{"rendered":"<p>UCHWA\u0141A NR XLIII\/304\/10RADY GMINY D\u0118BOWIECz dnia 22 wrze\u015bnia 2010 r.w sprawie uchwalenia Statutu So\u0142ectwa ZarzeczeNa podstawie art. 35 ust. 1<\/p>\n","protected":false},"author":1,"featured_media":0,"parent":0,"menu_order":0,"comment_status":"closed","ping_status":"closed","template":"","meta":{"footnotes":""},"class_list":["post-526","page","type-page","status-publish","hentry","comments-off"],"_links":{"self":[{"href":"https:\/\/www.zarzecze.info\/index.php?rest_route=\/wp\/v2\/pages\/526","targetHints":{"allow":["GET"]}}],"collection":[{"href":"https:\/\/www.zarzecze.info\/index.php?rest_route=\/wp\/v2\/pages"}],"about":[{"href":"https:\/\/www.zarzecze.info\/index.php?rest_route=\/wp\/v2\/types\/page"}],"author":[{"embeddable":true,"href":"https:\/\/www.zarzecze.info\/index.php?rest_route=\/wp\/v2\/users\/1"}],"replies":[{"embeddable":true,"href":"https:\/\/www.zarzecze.info\/index.php?rest_route=%2Fwp%2Fv2%2Fcomments&post=526"}],"version-history":[{"count":4,"href":"https:\/\/www.zarzecze.info\/index.php?rest_route=\/wp\/v2\/pages\/526\/revisions"}],"predecessor-version":[{"id":531,"href":"https:\/\/www.zarzecze.info\/index.php?rest_route=\/wp\/v2\/pages\/526\/revisions\/531"}],"wp:attachment":[{"href":"https:\/\/www.zarzecze.info\/index.php?rest_route=%2Fwp%2Fv2%2Fmedia&parent=526"}],"curies":[{"name":"wp","href":"https:\/\/api.w.org\/{rel}","templated":true}]}}